{"id":68,"date":"2016-05-05T21:08:49","date_gmt":"2016-05-05T21:08:49","guid":{"rendered":"https:\/\/oceanwp.org\/sport\/?page_id=68"},"modified":"2023-03-08T12:03:51","modified_gmt":"2023-03-08T11:03:51","slug":"contact","status":"publish","type":"page","link":"https:\/\/www.terravolt.fr\/en\/contact\/","title":{"rendered":"Contact"},"content":{"rendered":"<div data-elementor-type=\"wp-post\" data-elementor-id=\"68\" class=\"elementor elementor-68\">\n\t\t\t\t\t\t<div class=\"elementor-inner\">\n\t\t\t\t<div class=\"elementor-section-wrap\">\n\t\t\t\t\t\t\t\t\t<section class=\"elementor-section elementor-top-section elementor-element elementor-element-7e87130e elementor-section-height-min-height elementor-section-content-middle elementor-section-stretched elementor-section-boxed elementor-section-height-default elementor-section-items-middle\" data-id=\"7e87130e\" data-element_type=\"section\" data-settings=\"{&quot;background_background&quot;:&quot;classic&quot;,&quot;stretch_section&quot;:&quot;section-stretched&quot;}\">\n\t\t\t\t\t\t\t<div class=\"elementor-background-overlay\"><\/div>\n\t\t\t\t\t\t\t<div class=\"elementor-container elementor-column-gap-default\">\n\t\t\t\t\t\t\t<div class=\"elementor-row\">\n\t\t\t\t\t<div class=\"elementor-column elementor-col-100 elementor-top-column elementor-element elementor-element-6905ae8\" data-id=\"6905ae8\" data-element_type=\"column\">\n\t\t\t<div class=\"elementor-column-wrap elementor-element-populated\">\n\t\t\t\t\t\t\t<div class=\"elementor-widget-wrap\">\n\t\t\t\t\t\t<div class=\"elementor-element elementor-element-721e53be hero-title elementor-widget elementor-widget-heading\" data-id=\"721e53be\" data-element_type=\"widget\" data-widget_type=\"heading.default\">\n\t\t\t\t<div class=\"elementor-widget-container\">\n\t\t\t<h2 class=\"elementor-heading-title elementor-size-default\">Contact Us<\/h2>\t\t<\/div>\n\t\t\t\t<\/div>\n\t\t\t\t<div class=\"elementor-element elementor-element-7fc0bdbd elementor-widget elementor-widget-text-editor\" data-id=\"7fc0bdbd\" data-element_type=\"widget\" data-widget_type=\"text-editor.default\">\n\t\t\t\t<div class=\"elementor-widget-container\">\n\t\t\t\t\t\t\t\t<div class=\"elementor-text-editor elementor-clearfix\">\n\t\t\t\t<p style=\"text-align: center;\"><em>Whatever the nature of your request, our team will process it as soon as possible<\/em><\/p>\t\t\t\t\t<\/div>\n\t\t\t\t\t\t<\/div>\n\t\t\t\t<\/div>\n\t\t\t\t\t\t<\/div>\n\t\t\t\t\t<\/div>\n\t\t<\/div>\n\t\t\t\t\t\t\t\t<\/div>\n\t\t\t\t\t<\/div>\n\t\t<\/section>\n\t\t\t\t<section class=\"elementor-section elementor-top-section elementor-element elementor-element-008t7ul elementor-section-boxed elementor-section-height-default elementor-section-height-default elementor-invisible\" data-id=\"008t7ul\" data-element_type=\"section\" data-settings=\"{&quot;animation&quot;:&quot;fadeIn&quot;}\">\n\t\t\t\t\t\t<div class=\"elementor-container elementor-column-gap-default\">\n\t\t\t\t\t\t\t<div class=\"elementor-row\">\n\t\t\t\t\t<div class=\"elementor-column elementor-col-50 elementor-top-column elementor-element elementor-element-d0o1myu\" data-id=\"d0o1myu\" data-element_type=\"column\">\n\t\t\t<div class=\"elementor-column-wrap elementor-element-populated\">\n\t\t\t\t\t\t\t<div class=\"elementor-widget-wrap\">\n\t\t\t\t\t\t<div class=\"elementor-element elementor-element-972aef1 hero-title elementor-widget elementor-widget-heading\" data-id=\"972aef1\" data-element_type=\"widget\" data-settings=\"{&quot;_animation&quot;:&quot;none&quot;}\" data-widget_type=\"heading.default\">\n\t\t\t\t<div class=\"elementor-widget-container\">\n\t\t\t<h4 class=\"elementor-heading-title elementor-size-default\">Please fill in<\/h4>\t\t<\/div>\n\t\t\t\t<\/div>\n\t\t\t\t<div class=\"elementor-element elementor-element-df607e7 elementor-widget-divider--view-line elementor-widget elementor-widget-divider\" data-id=\"df607e7\" data-element_type=\"widget\" data-widget_type=\"divider.default\">\n\t\t\t\t<div class=\"elementor-widget-container\">\n\t\t\t\t\t<div class=\"elementor-divider\">\n\t\t\t<span class=\"elementor-divider-separator\">\n\t\t\t\t\t\t<\/span>\n\t\t<\/div>\n\t\t\t\t<\/div>\n\t\t\t\t<\/div>\n\t\t\t\t<div class=\"elementor-element elementor-element-d786c9f elementor-widget elementor-widget-void-section-cf7\" data-id=\"d786c9f\" data-element_type=\"widget\" data-widget_type=\"void-section-cf7.default\">\n\t\t\t\t<div class=\"elementor-widget-container\">\n\t\t\t<div class=\"void-cf7-form-widget-wrapper elementor-shortcode void-cf7-0\" data-void-cf7-contact-form-id=\"727\"><div role=\"form\" class=\"wpcf7\" id=\"wpcf7-f727-o1\" lang=\"fr-FR\" dir=\"ltr\">\n<div class=\"screen-reader-response\"><p role=\"status\" aria-live=\"polite\" aria-atomic=\"true\"><\/p> <ul><\/ul><\/div>\n<form action=\"\/en\/wp-json\/wp\/v2\/pages\/68#wpcf7-f727-o1\" method=\"post\" class=\"wpcf7-form init\" novalidate=\"novalidate\" data-status=\"init\" data-trp-original-action=\"\/en\/wp-json\/wp\/v2\/pages\/68#wpcf7-f727-o1\">\n<div style=\"display: none;\">\n<input type=\"hidden\" name=\"_wpcf7\" value=\"727\" \/>\n<input type=\"hidden\" name=\"_wpcf7_version\" value=\"5.6.4\" \/>\n<input type=\"hidden\" name=\"_wpcf7_locale\" value=\"fr_FR\" \/>\n<input type=\"hidden\" name=\"_wpcf7_unit_tag\" value=\"wpcf7-f727-o1\" \/>\n<input type=\"hidden\" name=\"_wpcf7_container_post\" value=\"0\" \/>\n<input type=\"hidden\" name=\"_wpcf7_posted_data_hash\" value=\"\" \/>\n<input type=\"hidden\" name=\"_wpcf7_recaptcha_response\" value=\"\" \/>\n<\/div>\n<p><label> Your first and last name (required)<br \/>\n    <span class=\"wpcf7-form-control-wrap\" data-name=\"your-name\"><input type=\"text\" name=\"your-name\" value=\"\" size=\"40\" class=\"wpcf7-form-control wpcf7-text wpcf7-validates-as-required\" aria-required=\"true\" aria-invalid=\"false\" \/><\/span> <\/label><\/p>\n<p><label> Your email address (required)<br \/>\n    <span class=\"wpcf7-form-control-wrap\" data-name=\"your-email\"><input type=\"email\" name=\"your-email\" value=\"\" size=\"40\" class=\"wpcf7-form-control wpcf7-text wpcf7-email wpcf7-validates-as-required wpcf7-validates-as-email\" aria-required=\"true\" aria-invalid=\"false\" \/><\/span> <\/label><\/p>\n<p><label> Your company<br \/>\n    <span class=\"wpcf7-form-control-wrap\" data-name=\"your-company\"><input type=\"text\" name=\"your-company\" value=\"\" size=\"40\" class=\"wpcf7-form-control wpcf7-text\" aria-invalid=\"false\" \/><\/span> <\/label><\/p>\n<p><label> Your phone number<br \/>\n    <span class=\"wpcf7-form-control-wrap\" data-name=\"your-phone-number\"><input type=\"text\" name=\"your-phone-number\" value=\"\" size=\"40\" class=\"wpcf7-form-control wpcf7-text\" aria-invalid=\"false\" \/><\/span> <\/label><\/p>\n<p><label> Subject<br \/>\n    <span class=\"wpcf7-form-control-wrap\" data-name=\"your-subject\"><input type=\"text\" name=\"your-subject\" value=\"\" size=\"40\" class=\"wpcf7-form-control wpcf7-text\" aria-invalid=\"false\" \/><\/span> <\/label><\/p>\n<p><label> Your message<br \/>\n    <span class=\"wpcf7-form-control-wrap\" data-name=\"your-message\"><textarea name=\"your-message\" cols=\"40\" rows=\"10\" class=\"wpcf7-form-control wpcf7-textarea\" aria-invalid=\"false\"><\/textarea><\/span> <\/label><\/p>\n<p><input type=\"submit\" value=\"Send\" class=\"wpcf7-form-control has-spinner wpcf7-submit\" \/><\/p>\n<p style=\"display: none !important;\" class=\"akismet-fields-container\" data-prefix=\"_wpcf7_ak_\"><label>&#916;<textarea name=\"_wpcf7_ak_hp_textarea\" cols=\"45\" rows=\"8\" maxlength=\"100\"><\/textarea><\/label><input type=\"hidden\" id=\"ak_js_1\" name=\"_wpcf7_ak_js\" value=\"11\"\/><script>document.getElementById( \"ak_js_1\" ).setAttribute( \"value\", ( new Date() ).getTime() );<\/script><\/p><div class=\"wpcf7-response-output\" aria-hidden=\"true\"><\/div><input type=\"hidden\" name=\"trp-form-language\" value=\"en\"\/><\/form><\/div><\/div> \t\t\t<script>\r\n \t\t\t        var theform = document.querySelector('.void-cf7-0');\r\n\t\t\t\t\t\ttheform.addEventListener( 'wpcf7mailsent', function( event ) {\r\n\t\t\t\t\t    location = 'https:\/\/www.terravolt.fr\/en\/contact\/';\r\n\t\t\t\t\t}, false );\r\n\t\t\t<\/script>\r\n\r\n\t\t\t\t<\/div>\n\t\t\t\t<\/div>\n\t\t\t\t\t\t<\/div>\n\t\t\t\t\t<\/div>\n\t\t<\/div>\n\t\t\t\t<div class=\"elementor-column elementor-col-50 elementor-top-column elementor-element elementor-element-op7g7wp\" data-id=\"op7g7wp\" data-element_type=\"column\">\n\t\t\t<div class=\"elementor-column-wrap elementor-element-populated\">\n\t\t\t\t\t\t\t<div class=\"elementor-widget-wrap\">\n\t\t\t\t\t\t<div class=\"elementor-element elementor-element-469d914e hero-title elementor-widget elementor-widget-heading\" data-id=\"469d914e\" data-element_type=\"widget\" data-settings=\"{&quot;_animation&quot;:&quot;none&quot;}\" data-widget_type=\"heading.default\">\n\t\t\t\t<div class=\"elementor-widget-container\">\n\t\t\t<h4 class=\"elementor-heading-title elementor-size-default\">Contacts<\/h4>\t\t<\/div>\n\t\t\t\t<\/div>\n\t\t\t\t<div class=\"elementor-element elementor-element-599492e7 elementor-widget-divider--view-line elementor-widget elementor-widget-divider\" data-id=\"599492e7\" data-element_type=\"widget\" data-widget_type=\"divider.default\">\n\t\t\t\t<div class=\"elementor-widget-container\">\n\t\t\t\t\t<div class=\"elementor-divider\">\n\t\t\t<span class=\"elementor-divider-separator\">\n\t\t\t\t\t\t<\/span>\n\t\t<\/div>\n\t\t\t\t<\/div>\n\t\t\t\t<\/div>\n\t\t\t\t<div class=\"elementor-element elementor-element-zfp558x elementor-widget elementor-widget-text-editor\" data-id=\"zfp558x\" data-element_type=\"widget\" data-widget_type=\"text-editor.default\">\n\t\t\t\t<div class=\"elementor-widget-container\">\n\t\t\t\t\t\t\t\t<div class=\"elementor-text-editor elementor-clearfix\">\n\t\t\t\t<h2>TerraVolt<\/h2><p>36 Rue Beaumarchais<\/p><p>93100 Montreuil, France<\/p><p style=\"margin-bottom: 15px;\"><span style=\"font-size: 15px; letter-spacing: 0.4px;\">T\u00e9l\u00e9phone : (0)1 56 93 46 00<\/span><\/p><p style=\"margin: 0;\">\u00a0<\/p>\t\t\t\t\t<\/div>\n\t\t\t\t\t\t<\/div>\n\t\t\t\t<\/div>\n\t\t\t\t<div class=\"elementor-element elementor-element-61c11cd hero-title elementor-widget elementor-widget-heading\" data-id=\"61c11cd\" data-element_type=\"widget\" data-widget_type=\"heading.default\">\n\t\t\t\t<div class=\"elementor-widget-container\">\n\t\t\t<h4 class=\"elementor-heading-title elementor-size-default\">LINK TO MAP<\/h4>\t\t<\/div>\n\t\t\t\t<\/div>\n\t\t\t\t<div class=\"elementor-element elementor-element-5f44dfd elementor-widget-divider--view-line elementor-widget elementor-widget-divider\" data-id=\"5f44dfd\" data-element_type=\"widget\" data-widget_type=\"divider.default\">\n\t\t\t\t<div class=\"elementor-widget-container\">\n\t\t\t\t\t<div class=\"elementor-divider\">\n\t\t\t<span class=\"elementor-divider-separator\">\n\t\t\t\t\t\t<\/span>\n\t\t<\/div>\n\t\t\t\t<\/div>\n\t\t\t\t<\/div>\n\t\t\t\t<div class=\"elementor-element elementor-element-613f580 elementor-widget elementor-widget-google_maps\" data-id=\"613f580\" data-element_type=\"widget\" data-widget_type=\"google_maps.default\">\n\t\t\t\t<div class=\"elementor-widget-container\">\n\t\t\t\t\t<div class=\"elementor-custom-embed\">\n\t\t\t<iframe frameborder=\"0\" scrolling=\"no\" marginheight=\"0\" marginwidth=\"0\"\n\t\t\t\t\tsrc=\"https:\/\/maps.google.com\/maps?q=montreuil&#038;t=m&#038;z=6&#038;output=embed&#038;iwloc=near\"\n\t\t\t\t\ttitle=\"montreuil\"\n\t\t\t\t\taria-label=\"montreuil\"\n\t\t\t><\/iframe>\n\t\t<\/div>\n\t\t\t\t<\/div>\n\t\t\t\t<\/div>\n\t\t\t\t\t\t<\/div>\n\t\t\t\t\t<\/div>\n\t\t<\/div>\n\t\t\t\t\t\t\t\t<\/div>\n\t\t\t\t\t<\/div>\n\t\t<\/section>\n\t\t\t\t<section class=\"elementor-section elementor-top-section elementor-element elementor-element-333475f elementor-section-boxed elementor-section-height-default elementor-section-height-default\" data-id=\"333475f\" data-element_type=\"section\">\n\t\t\t\t\t\t<div class=\"elementor-container elementor-column-gap-default\">\n\t\t\t\t\t\t\t<div class=\"elementor-row\">\n\t\t\t\t\t<div class=\"elementor-column elementor-col-100 elementor-top-column elementor-element elementor-element-0c1dcc3\" data-id=\"0c1dcc3\" data-element_type=\"column\">\n\t\t\t<div class=\"elementor-column-wrap\">\n\t\t\t\t\t\t\t<div class=\"elementor-widget-wrap\">\n\t\t\t\t\t\t\t\t<\/div>\n\t\t\t\t\t<\/div>\n\t\t<\/div>\n\t\t\t\t\t\t\t\t<\/div>\n\t\t\t\t\t<\/div>\n\t\t<\/section>\n\t\t\t\t\t\t\t\t\t<\/div>\n\t\t\t<\/div>\n\t\t\t\t\t<\/div>","protected":false},"excerpt":{"rendered":"<p>contactez-nous Quelque soit la nature de votre demande, notre \u00e9quipe la traitera dans les meilleurs d\u00e9lais veuillez remplir Votre nom et pr\u00e9nom (obligatoire) Votre adresse de messagerie (obligatoire) Votre soci\u00e9t\u00e9 Votre t\u00e9l\u00e9phone Objet Votre message &#916; Contacts TerraVolt 36 Rue Beaumarchais 93100 Montreuil, France T\u00e9l\u00e9phone : (0)1 56 93 46 00 \u00a0 lien plan<\/p>","protected":false},"author":1,"featured_media":0,"parent":0,"menu_order":0,"comment_status":"closed","ping_status":"closed","template":"","meta":{"_exactmetrics_skip_tracking":false,"_exactmetrics_sitenote_active":false,"_exactmetrics_sitenote_note":"","_exactmetrics_sitenote_category":0,"footnotes":""},"class_list":["post-68","page","type-page","status-publish","hentry","entry"],"yoast_head":"<!-- This site is optimized with the Yoast SEO plugin v19.11 - https:\/\/yoast.com\/wordpress\/plugins\/seo\/ -->\n<title>Contact - TerraVolt<\/title>\n<meta name=\"robots\" content=\"index, follow, max-snippet:-1, max-image-preview:large, max-video-preview:-1\" \/>\n<link rel=\"canonical\" href=\"https:\/\/www.terravolt.fr\/en\/contact\/\" \/>\n<meta property=\"og:locale\" content=\"en_US\" \/>\n<meta property=\"og:type\" content=\"article\" \/>\n<meta property=\"og:title\" content=\"Contact - TerraVolt\" \/>\n<meta property=\"og:description\" content=\"contactez-nous Quelque soit la nature de votre demande, notre \u00e9quipe la traitera dans les meilleurs d\u00e9lais veuillez remplir Votre nom et pr\u00e9nom (obligatoire) Votre adresse de messagerie (obligatoire) Votre soci\u00e9t\u00e9 Votre t\u00e9l\u00e9phone Objet Votre message &#916; Contacts TerraVolt 36 Rue Beaumarchais 93100 Montreuil, France T\u00e9l\u00e9phone : (0)1 56 93 46 00 \u00a0 lien plan\" \/>\n<meta property=\"og:url\" content=\"https:\/\/www.terravolt.fr\/en\/contact\/\" \/>\n<meta property=\"og:site_name\" content=\"TerraVolt\" \/>\n<meta property=\"article:publisher\" content=\"https:\/\/www.facebook.com\/TerraVolt\" \/>\n<meta property=\"article:modified_time\" content=\"2023-03-08T11:03:51+00:00\" \/>\n<meta property=\"og:image\" content=\"https:\/\/www.terravolt.fr\/wp-content\/uploads\/2019\/02\/LOGO-TERRAVOLT_SANS-FOND-PNG-1.png\" \/>\n\t<meta property=\"og:image:width\" content=\"5225\" \/>\n\t<meta property=\"og:image:height\" content=\"5199\" \/>\n\t<meta property=\"og:image:type\" content=\"image\/png\" \/>\n<meta name=\"twitter:card\" content=\"summary_large_image\" \/>\n<meta name=\"twitter:site\" content=\"@terra_volt\" \/>\n<meta name=\"twitter:label1\" content=\"Est. reading time\" \/>\n\t<meta name=\"twitter:data1\" content=\"1 minute\" \/>\n<script type=\"application\/ld+json\" class=\"yoast-schema-graph\">{\"@context\":\"https:\/\/schema.org\",\"@graph\":[{\"@type\":\"WebPage\",\"@id\":\"https:\/\/www.terravolt.fr\/contact\/\",\"url\":\"https:\/\/www.terravolt.fr\/contact\/\",\"name\":\"Contact - TerraVolt\",\"isPartOf\":{\"@id\":\"https:\/\/www.terravolt.fr\/#website\"},\"datePublished\":\"2016-05-05T21:08:49+00:00\",\"dateModified\":\"2023-03-08T11:03:51+00:00\",\"breadcrumb\":{\"@id\":\"https:\/\/www.terravolt.fr\/contact\/#breadcrumb\"},\"inLanguage\":\"en-US\",\"potentialAction\":[{\"@type\":\"ReadAction\",\"target\":[\"https:\/\/www.terravolt.fr\/contact\/\"]}]},{\"@type\":\"BreadcrumbList\",\"@id\":\"https:\/\/www.terravolt.fr\/contact\/#breadcrumb\",\"itemListElement\":[{\"@type\":\"ListItem\",\"position\":1,\"name\":\"Accueil\",\"item\":\"https:\/\/www.terravolt.fr\/\"},{\"@type\":\"ListItem\",\"position\":2,\"name\":\"Contact\"}]},{\"@type\":\"WebSite\",\"@id\":\"https:\/\/www.terravolt.fr\/#website\",\"url\":\"https:\/\/www.terravolt.fr\/\",\"name\":\"TerraVolt\",\"description\":\"Nous valorisons vos d\u00e9chets !\",\"publisher\":{\"@id\":\"https:\/\/www.terravolt.fr\/#organization\"},\"potentialAction\":[{\"@type\":\"SearchAction\",\"target\":{\"@type\":\"EntryPoint\",\"urlTemplate\":\"https:\/\/www.terravolt.fr\/?s={search_term_string}\"},\"query-input\":\"required name=search_term_string\"}],\"inLanguage\":\"en-US\"},{\"@type\":\"Organization\",\"@id\":\"https:\/\/www.terravolt.fr\/#organization\",\"name\":\"TerraVolt\",\"url\":\"https:\/\/www.terravolt.fr\/\",\"logo\":{\"@type\":\"ImageObject\",\"inLanguage\":\"en-US\",\"@id\":\"https:\/\/www.terravolt.fr\/#\/schema\/logo\/image\/\",\"url\":\"https:\/\/www.terravolt.fr\/wp-content\/uploads\/2019\/02\/LOGO-TEXTE-TERRAVOLT_BLANC.png\",\"contentUrl\":\"https:\/\/www.terravolt.fr\/wp-content\/uploads\/2019\/02\/LOGO-TEXTE-TERRAVOLT_BLANC.png\",\"width\":3211,\"height\":663,\"caption\":\"TerraVolt\"},\"image\":{\"@id\":\"https:\/\/www.terravolt.fr\/#\/schema\/logo\/image\/\"},\"sameAs\":[\"https:\/\/www.linkedin.com\/company\/12666978\/admin\/\",\"https:\/\/www.facebook.com\/TerraVolt\",\"https:\/\/twitter.com\/terra_volt\"]}]}<\/script>\n<!-- \/ Yoast SEO plugin. -->","yoast_head_json":{"title":"Contact - TerraVolt","robots":{"index":"index","follow":"follow","max-snippet":"max-snippet:-1","max-image-preview":"max-image-preview:large","max-video-preview":"max-video-preview:-1"},"canonical":"https:\/\/www.terravolt.fr\/en\/contact\/","og_locale":"en_US","og_type":"article","og_title":"Contact - TerraVolt","og_description":"contactez-nous Quelque soit la nature de votre demande, notre \u00e9quipe la traitera dans les meilleurs d\u00e9lais veuillez remplir Votre nom et pr\u00e9nom (obligatoire) Votre adresse de messagerie (obligatoire) Votre soci\u00e9t\u00e9 Votre t\u00e9l\u00e9phone Objet Votre message &#916; Contacts TerraVolt 36 Rue Beaumarchais 93100 Montreuil, France T\u00e9l\u00e9phone : (0)1 56 93 46 00 \u00a0 lien plan","og_url":"https:\/\/www.terravolt.fr\/en\/contact\/","og_site_name":"TerraVolt","article_publisher":"https:\/\/www.facebook.com\/TerraVolt","article_modified_time":"2023-03-08T11:03:51+00:00","og_image":[{"width":5225,"height":5199,"url":"https:\/\/www.terravolt.fr\/wp-content\/uploads\/2019\/02\/LOGO-TERRAVOLT_SANS-FOND-PNG-1.png","type":"image\/png"}],"twitter_card":"summary_large_image","twitter_site":"@terra_volt","twitter_misc":{"Est. reading time":"1 minute"},"schema":{"@context":"https:\/\/schema.org","@graph":[{"@type":"WebPage","@id":"https:\/\/www.terravolt.fr\/contact\/","url":"https:\/\/www.terravolt.fr\/contact\/","name":"Contact - TerraVolt","isPartOf":{"@id":"https:\/\/www.terravolt.fr\/#website"},"datePublished":"2016-05-05T21:08:49+00:00","dateModified":"2023-03-08T11:03:51+00:00","breadcrumb":{"@id":"https:\/\/www.terravolt.fr\/contact\/#breadcrumb"},"inLanguage":"en-US","potentialAction":[{"@type":"ReadAction","target":["https:\/\/www.terravolt.fr\/contact\/"]}]},{"@type":"BreadcrumbList","@id":"https:\/\/www.terravolt.fr\/contact\/#breadcrumb","itemListElement":[{"@type":"ListItem","position":1,"name":"Accueil","item":"https:\/\/www.terravolt.fr\/"},{"@type":"ListItem","position":2,"name":"Contact"}]},{"@type":"WebSite","@id":"https:\/\/www.terravolt.fr\/#website","url":"https:\/\/www.terravolt.fr\/","name":"TerraVolt","description":"Nous valorisons vos d\u00e9chets !","publisher":{"@id":"https:\/\/www.terravolt.fr\/#organization"},"potentialAction":[{"@type":"SearchAction","target":{"@type":"EntryPoint","urlTemplate":"https:\/\/www.terravolt.fr\/?s={search_term_string}"},"query-input":"required name=search_term_string"}],"inLanguage":"en-US"},{"@type":"Organization","@id":"https:\/\/www.terravolt.fr\/#organization","name":"TerraVolt","url":"https:\/\/www.terravolt.fr\/","logo":{"@type":"ImageObject","inLanguage":"en-US","@id":"https:\/\/www.terravolt.fr\/#\/schema\/logo\/image\/","url":"https:\/\/www.terravolt.fr\/wp-content\/uploads\/2019\/02\/LOGO-TEXTE-TERRAVOLT_BLANC.png","contentUrl":"https:\/\/www.terravolt.fr\/wp-content\/uploads\/2019\/02\/LOGO-TEXTE-TERRAVOLT_BLANC.png","width":3211,"height":663,"caption":"TerraVolt"},"image":{"@id":"https:\/\/www.terravolt.fr\/#\/schema\/logo\/image\/"},"sameAs":["https:\/\/www.linkedin.com\/company\/12666978\/admin\/","https:\/\/www.facebook.com\/TerraVolt","https:\/\/twitter.com\/terra_volt"]}]}},"_links":{"self":[{"href":"https:\/\/www.terravolt.fr\/en\/wp-json\/wp\/v2\/pages\/68","targetHints":{"allow":["GET"]}}],"collection":[{"href":"https:\/\/www.terravolt.fr\/en\/wp-json\/wp\/v2\/pages"}],"about":[{"href":"https:\/\/www.terravolt.fr\/en\/wp-json\/wp\/v2\/types\/page"}],"author":[{"embeddable":true,"href":"https:\/\/www.terravolt.fr\/en\/wp-json\/wp\/v2\/users\/1"}],"replies":[{"embeddable":true,"href":"https:\/\/www.terravolt.fr\/en\/wp-json\/wp\/v2\/comments?post=68"}],"version-history":[{"count":38,"href":"https:\/\/www.terravolt.fr\/en\/wp-json\/wp\/v2\/pages\/68\/revisions"}],"predecessor-version":[{"id":2269,"href":"https:\/\/www.terravolt.fr\/en\/wp-json\/wp\/v2\/pages\/68\/revisions\/2269"}],"wp:attachment":[{"href":"https:\/\/www.terravolt.fr\/en\/wp-json\/wp\/v2\/media?parent=68"}],"curies":[{"name":"wp","href":"https:\/\/api.w.org\/{rel}","templated":true}]}}