{"id":437,"date":"2019-02-04T18:26:11","date_gmt":"2019-02-04T17:26:11","guid":{"rendered":"http:\/\/www.terravolt.fr\/?page_id=437"},"modified":"2019-02-27T17:26:40","modified_gmt":"2019-02-27T16:26:40","slug":"nos-valeurs","status":"publish","type":"page","link":"http:\/\/www.terravolt.fr\/en\/nos-valeurs\/","title":{"rendered":"Nos valeurs"},"content":{"rendered":"<div data-elementor-type=\"wp-post\" data-elementor-id=\"437\" class=\"elementor elementor-437 elementor-bc-flex-widget\">\n\t\t\t\t\t\t<div class=\"elementor-inner\">\n\t\t\t\t<div class=\"elementor-section-wrap\">\n\t\t\t\t\t\t\t\t\t<section class=\"elementor-section elementor-top-section elementor-element elementor-element-20ee2126 elementor-section-height-min-height elementor-section-content-middle elementor-section-stretched elementor-section-boxed elementor-section-height-default elementor-section-items-middle\" data-id=\"20ee2126\" data-element_type=\"section\" data-settings=\"{&quot;background_background&quot;:&quot;classic&quot;,&quot;stretch_section&quot;:&quot;section-stretched&quot;}\">\n\t\t\t\t\t\t\t<div class=\"elementor-background-overlay\"><\/div>\n\t\t\t\t\t\t\t<div class=\"elementor-container elementor-column-gap-default\">\n\t\t\t\t\t\t\t<div class=\"elementor-row\">\n\t\t\t\t\t<div class=\"elementor-column elementor-col-100 elementor-top-column elementor-element elementor-element-cb3c9e6\" data-id=\"cb3c9e6\" data-element_type=\"column\">\n\t\t\t<div class=\"elementor-column-wrap elementor-element-populated\">\n\t\t\t\t\t\t\t<div class=\"elementor-widget-wrap\">\n\t\t\t\t\t\t<div class=\"elementor-element elementor-element-714c7385 hero-title elementor-widget elementor-widget-heading\" data-id=\"714c7385\" data-element_type=\"widget\" data-widget_type=\"heading.default\">\n\t\t\t\t<div class=\"elementor-widget-container\">\n\t\t\t<h2 class=\"elementor-heading-title elementor-size-default\">nos valeurs<\/h2>\t\t<\/div>\n\t\t\t\t<\/div>\n\t\t\t\t<div class=\"elementor-element elementor-element-18eef67c elementor-widget elementor-widget-text-editor\" data-id=\"18eef67c\" data-element_type=\"widget\" data-widget_type=\"text-editor.default\">\n\t\t\t\t<div class=\"elementor-widget-container\">\n\t\t\t\t\t\t\t\t<div class=\"elementor-text-editor elementor-clearfix\">\n\t\t\t\t<p><em>Notre vision et nos engagements vis-\u00e0-vis de nos collaborateurs<\/em><\/p>\t\t\t\t\t<\/div>\n\t\t\t\t\t\t<\/div>\n\t\t\t\t<\/div>\n\t\t\t\t\t\t<\/div>\n\t\t\t\t\t<\/div>\n\t\t<\/div>\n\t\t\t\t\t\t\t\t<\/div>\n\t\t\t\t\t<\/div>\n\t\t<\/section>\n\t\t\t\t<section class=\"elementor-section elementor-top-section elementor-element elementor-element-701ca101 elementor-section-content-middle elementor-section-boxed elementor-section-height-default elementor-section-height-default\" data-id=\"701ca101\" data-element_type=\"section\">\n\t\t\t\t\t\t<div class=\"elementor-container elementor-column-gap-no\">\n\t\t\t\t\t\t\t<div class=\"elementor-row\">\n\t\t\t\t\t<div class=\"elementor-column elementor-col-100 elementor-top-column elementor-element elementor-element-7d322eb9\" data-id=\"7d322eb9\" data-element_type=\"column\">\n\t\t\t<div class=\"elementor-column-wrap elementor-element-populated\">\n\t\t\t\t\t\t\t<div class=\"elementor-widget-wrap\">\n\t\t\t\t\t\t<div class=\"elementor-element elementor-element-9ca04ef hero-title elementor-widget elementor-widget-heading\" data-id=\"9ca04ef\" data-element_type=\"widget\" data-widget_type=\"heading.default\">\n\t\t\t\t<div class=\"elementor-widget-container\">\n\t\t\t<h4 class=\"elementor-heading-title elementor-size-default\">nos valeurs<\/h4>\t\t<\/div>\n\t\t\t\t<\/div>\n\t\t\t\t<div class=\"elementor-element elementor-element-5d555725 elementor-widget-divider--view-line elementor-widget elementor-widget-divider\" data-id=\"5d555725\" data-element_type=\"widget\" data-widget_type=\"divider.default\">\n\t\t\t\t<div class=\"elementor-widget-container\">\n\t\t\t\t\t<div class=\"elementor-divider\">\n\t\t\t<span class=\"elementor-divider-separator\">\n\t\t\t\t\t\t<\/span>\n\t\t<\/div>\n\t\t\t\t<\/div>\n\t\t\t\t<\/div>\n\t\t\t\t\t\t<\/div>\n\t\t\t\t\t<\/div>\n\t\t<\/div>\n\t\t\t\t\t\t\t\t<\/div>\n\t\t\t\t\t<\/div>\n\t\t<\/section>\n\t\t\t\t<section class=\"elementor-section elementor-top-section elementor-element elementor-element-365a5e36 elementor-section-boxed elementor-section-height-default elementor-section-height-default\" data-id=\"365a5e36\" data-element_type=\"section\">\n\t\t\t\t\t\t<div class=\"elementor-container elementor-column-gap-default\">\n\t\t\t\t\t\t\t<div class=\"elementor-row\">\n\t\t\t\t\t<div class=\"elementor-column elementor-col-33 elementor-top-column elementor-element elementor-element-95c6fc0\" data-id=\"95c6fc0\" data-element_type=\"column\" data-settings=\"{&quot;background_background&quot;:&quot;classic&quot;}\">\n\t\t\t<div class=\"elementor-column-wrap elementor-element-populated\">\n\t\t\t\t\t\t\t<div class=\"elementor-widget-wrap\">\n\t\t\t\t\t\t<div class=\"elementor-element elementor-element-bda4040 elementor-position-top elementor-vertical-align-top elementor-widget elementor-widget-image-box\" data-id=\"bda4040\" data-element_type=\"widget\" data-widget_type=\"image-box.default\">\n\t\t\t\t<div class=\"elementor-widget-container\">\n\t\t\t<div class=\"elementor-image-box-wrapper\"><figure class=\"elementor-image-box-img\"><img loading=\"lazy\" decoding=\"async\" width=\"750\" height=\"750\" src=\"https:\/\/www.terravolt.fr\/wp-content\/uploads\/2019\/02\/id\u00e9e-pictogramme.png\" class=\"elementor-animation-shrink attachment-medium_large size-medium_large wp-image-926\" alt=\"\" srcset=\"https:\/\/www.terravolt.fr\/wp-content\/uploads\/2019\/02\/id\u00e9e-pictogramme.png 750w, https:\/\/www.terravolt.fr\/wp-content\/uploads\/2019\/02\/id\u00e9e-pictogramme-150x150.png 150w, https:\/\/www.terravolt.fr\/wp-content\/uploads\/2019\/02\/id\u00e9e-pictogramme-300x300.png 300w\" sizes=\"auto, (max-width: 750px) 100vw, 750px\" \/><\/figure><div class=\"elementor-image-box-content\"><h3 class=\"elementor-image-box-title\">innovation<\/h3><p class=\"elementor-image-box-description\">TerraVolt a pour objectif de mettre au point des nouvelles technologies, les fiabiliser et les rendre accessibles \u00e0 tous. \nL'objectif est l'am\u00e9lioration continue des solutions existantes pour proposer des \u00e9quipements toujours plus proches des attentes des communaut\u00e9s. Les technologies sont souvent complexes. Nous voulons les vulgariser pour permettre \u00e0 tous de les exploiter.<\/p><\/div><\/div>\t\t<\/div>\n\t\t\t\t<\/div>\n\t\t\t\t\t\t<\/div>\n\t\t\t\t\t<\/div>\n\t\t<\/div>\n\t\t\t\t<div class=\"elementor-column elementor-col-33 elementor-top-column elementor-element elementor-element-20e260a9\" data-id=\"20e260a9\" data-element_type=\"column\">\n\t\t\t<div class=\"elementor-column-wrap elementor-element-populated\">\n\t\t\t\t\t\t\t<div class=\"elementor-widget-wrap\">\n\t\t\t\t\t\t<div class=\"elementor-element elementor-element-7a01889a elementor-position-top elementor-vertical-align-top elementor-widget elementor-widget-image-box\" data-id=\"7a01889a\" data-element_type=\"widget\" data-widget_type=\"image-box.default\">\n\t\t\t\t<div class=\"elementor-widget-container\">\n\t\t\t<div class=\"elementor-image-box-wrapper\"><figure class=\"elementor-image-box-img\"><img loading=\"lazy\" decoding=\"async\" width=\"750\" height=\"750\" src=\"https:\/\/www.terravolt.fr\/wp-content\/uploads\/2019\/02\/\u00e9quit\u00e9-pictogramme-1.png\" class=\"elementor-animation-shrink attachment-full size-full wp-image-934\" alt=\"\" srcset=\"https:\/\/www.terravolt.fr\/wp-content\/uploads\/2019\/02\/\u00e9quit\u00e9-pictogramme-1.png 750w, https:\/\/www.terravolt.fr\/wp-content\/uploads\/2019\/02\/\u00e9quit\u00e9-pictogramme-1-150x150.png 150w, https:\/\/www.terravolt.fr\/wp-content\/uploads\/2019\/02\/\u00e9quit\u00e9-pictogramme-1-300x300.png 300w\" sizes=\"auto, (max-width: 750px) 100vw, 750px\" \/><\/figure><div class=\"elementor-image-box-content\"><h3 class=\"elementor-image-box-title\">\u00e9quit\u00e9<\/h3><p class=\"elementor-image-box-description\">Dans le cadre de sa d\u00e9marche de d\u00e9veloppement durable et d'\u00e9conomie verte, Terravolt souhaite valoriser tant que possible l'\u00e9conomie circulaire. Le souhait est de favoriser l'\u00e9conomie locale par la cr\u00e9ation d'emplois au sein des communaut\u00e9s pour, par exemple, la cha\u00eene d'approvisionnement en biomasse, l'exploitation de l'\u00e9quipement et la distribution de l'\u00e9lectricit\u00e9.<\/p><\/div><\/div>\t\t<\/div>\n\t\t\t\t<\/div>\n\t\t\t\t\t\t<\/div>\n\t\t\t\t\t<\/div>\n\t\t<\/div>\n\t\t\t\t<div class=\"elementor-column elementor-col-33 elementor-top-column elementor-element elementor-element-340580fe\" data-id=\"340580fe\" data-element_type=\"column\">\n\t\t\t<div class=\"elementor-column-wrap elementor-element-populated\">\n\t\t\t\t\t\t\t<div class=\"elementor-widget-wrap\">\n\t\t\t\t\t\t<div class=\"elementor-element elementor-element-3ed44e70 elementor-position-top elementor-vertical-align-top elementor-widget elementor-widget-image-box\" data-id=\"3ed44e70\" data-element_type=\"widget\" data-widget_type=\"image-box.default\">\n\t\t\t\t<div class=\"elementor-widget-container\">\n\t\t\t<div class=\"elementor-image-box-wrapper\"><figure class=\"elementor-image-box-img\"><img loading=\"lazy\" decoding=\"async\" width=\"150\" height=\"150\" src=\"https:\/\/www.terravolt.fr\/wp-content\/uploads\/2019\/02\/partie-prenante-pictogramme-150x150.png\" class=\"elementor-animation-shrink attachment-thumbnail size-thumbnail wp-image-927\" alt=\"\" srcset=\"https:\/\/www.terravolt.fr\/wp-content\/uploads\/2019\/02\/partie-prenante-pictogramme-150x150.png 150w, https:\/\/www.terravolt.fr\/wp-content\/uploads\/2019\/02\/partie-prenante-pictogramme-300x300.png 300w, https:\/\/www.terravolt.fr\/wp-content\/uploads\/2019\/02\/partie-prenante-pictogramme.png 750w\" sizes=\"auto, (max-width: 150px) 100vw, 150px\" \/><\/figure><div class=\"elementor-image-box-content\"><h3 class=\"elementor-image-box-title\">coop\u00e9ration<\/h3><p class=\"elementor-image-box-description\">Mettre au point ce type de projet n\u00e9cessite la coordination de nombreuses parties prenantes. L'impact de ces entit\u00e9s peut s'av\u00e9rer \u00eatre d\u00e9cisif sur la progression et la r\u00e9ussite d'un projet. L'\u00e9quipe de TerraVolt, en tant que coordinatrice du projet, rend cette coop\u00e9ration possible de par la polyvalence de ses services techniques, financiers, administratifs et sociologiques.<br><\/p><\/div><\/div>\t\t<\/div>\n\t\t\t\t<\/div>\n\t\t\t\t\t\t<\/div>\n\t\t\t\t\t<\/div>\n\t\t<\/div>\n\t\t\t\t\t\t\t\t<\/div>\n\t\t\t\t\t<\/div>\n\t\t<\/section>\n\t\t\t\t\t\t\t\t\t<\/div>\n\t\t\t<\/div>\n\t\t\t\t\t<\/div>","protected":false},"excerpt":{"rendered":"<p>nos valeurs Notre vision et nos engagements vis-\u00e0-vis de nos collaborateurs nos valeurs innovation TerraVolt a pour objectif de mettre au point des nouvelles technologies, les fiabiliser et les rendre accessibles \u00e0 tous. L&rsquo;objectif est l&rsquo;am\u00e9lioration continue des solutions existantes pour proposer des \u00e9quipements toujours plus proches des attentes des communaut\u00e9s. Les technologies sont souvent [&hellip;]<\/p>","protected":false},"author":1,"featured_media":0,"parent":0,"menu_order":0,"comment_status":"closed","ping_status":"closed","template":"","meta":{"_exactmetrics_skip_tracking":false,"_exactmetrics_sitenote_active":false,"_exactmetrics_sitenote_note":"","_exactmetrics_sitenote_category":0,"footnotes":""},"class_list":["post-437","page","type-page","status-publish","hentry","entry"],"yoast_head":"<!-- This site is optimized with the Yoast SEO plugin v19.11 - https:\/\/yoast.com\/wordpress\/plugins\/seo\/ -->\n<title>Nos valeurs - TerraVolt<\/title>\n<meta name=\"robots\" content=\"index, follow, max-snippet:-1, max-image-preview:large, max-video-preview:-1\" \/>\n<link rel=\"canonical\" href=\"https:\/\/www.terravolt.fr\/en\/nos-valeurs\/\" \/>\n<meta property=\"og:locale\" content=\"en_US\" \/>\n<meta property=\"og:type\" content=\"article\" \/>\n<meta property=\"og:title\" content=\"Nos valeurs - TerraVolt\" \/>\n<meta property=\"og:description\" content=\"nos valeurs Notre vision et nos engagements vis-\u00e0-vis de nos collaborateurs nos valeurs innovation TerraVolt a pour objectif de mettre au point des nouvelles technologies, les fiabiliser et les rendre accessibles \u00e0 tous. L&rsquo;objectif est l&rsquo;am\u00e9lioration continue des solutions existantes pour proposer des \u00e9quipements toujours plus proches des attentes des communaut\u00e9s. Les technologies sont souvent [&hellip;]\" \/>\n<meta property=\"og:url\" content=\"https:\/\/www.terravolt.fr\/en\/nos-valeurs\/\" \/>\n<meta property=\"og:site_name\" content=\"TerraVolt\" \/>\n<meta property=\"article:publisher\" content=\"https:\/\/www.facebook.com\/TerraVolt\" \/>\n<meta property=\"article:modified_time\" content=\"2019-02-27T16:26:40+00:00\" \/>\n<meta property=\"og:image\" content=\"http:\/\/www.terravolt.fr\/wp-content\/uploads\/2019\/02\/partie-prenante-pictogramme-150x150.png\" \/>\n<meta name=\"twitter:card\" content=\"summary_large_image\" \/>\n<meta name=\"twitter:site\" content=\"@terra_volt\" \/>\n<meta name=\"twitter:label1\" content=\"Est. reading time\" \/>\n\t<meta name=\"twitter:data1\" content=\"1 minute\" \/>\n<script type=\"application\/ld+json\" class=\"yoast-schema-graph\">{\"@context\":\"https:\/\/schema.org\",\"@graph\":[{\"@type\":\"WebPage\",\"@id\":\"https:\/\/www.terravolt.fr\/nos-valeurs\/\",\"url\":\"https:\/\/www.terravolt.fr\/nos-valeurs\/\",\"name\":\"Nos valeurs - TerraVolt\",\"isPartOf\":{\"@id\":\"https:\/\/www.terravolt.fr\/#website\"},\"datePublished\":\"2019-02-04T17:26:11+00:00\",\"dateModified\":\"2019-02-27T16:26:40+00:00\",\"breadcrumb\":{\"@id\":\"https:\/\/www.terravolt.fr\/nos-valeurs\/#breadcrumb\"},\"inLanguage\":\"en-US\",\"potentialAction\":[{\"@type\":\"ReadAction\",\"target\":[\"https:\/\/www.terravolt.fr\/nos-valeurs\/\"]}]},{\"@type\":\"BreadcrumbList\",\"@id\":\"https:\/\/www.terravolt.fr\/nos-valeurs\/#breadcrumb\",\"itemListElement\":[{\"@type\":\"ListItem\",\"position\":1,\"name\":\"Accueil\",\"item\":\"https:\/\/www.terravolt.fr\/\"},{\"@type\":\"ListItem\",\"position\":2,\"name\":\"Nos valeurs\"}]},{\"@type\":\"WebSite\",\"@id\":\"https:\/\/www.terravolt.fr\/#website\",\"url\":\"https:\/\/www.terravolt.fr\/\",\"name\":\"TerraVolt\",\"description\":\"Nous valorisons vos d\u00e9chets !\",\"publisher\":{\"@id\":\"https:\/\/www.terravolt.fr\/#organization\"},\"potentialAction\":[{\"@type\":\"SearchAction\",\"target\":{\"@type\":\"EntryPoint\",\"urlTemplate\":\"https:\/\/www.terravolt.fr\/?s={search_term_string}\"},\"query-input\":\"required name=search_term_string\"}],\"inLanguage\":\"en-US\"},{\"@type\":\"Organization\",\"@id\":\"https:\/\/www.terravolt.fr\/#organization\",\"name\":\"TerraVolt\",\"url\":\"https:\/\/www.terravolt.fr\/\",\"logo\":{\"@type\":\"ImageObject\",\"inLanguage\":\"en-US\",\"@id\":\"https:\/\/www.terravolt.fr\/#\/schema\/logo\/image\/\",\"url\":\"https:\/\/www.terravolt.fr\/wp-content\/uploads\/2019\/02\/LOGO-TEXTE-TERRAVOLT_BLANC.png\",\"contentUrl\":\"https:\/\/www.terravolt.fr\/wp-content\/uploads\/2019\/02\/LOGO-TEXTE-TERRAVOLT_BLANC.png\",\"width\":3211,\"height\":663,\"caption\":\"TerraVolt\"},\"image\":{\"@id\":\"https:\/\/www.terravolt.fr\/#\/schema\/logo\/image\/\"},\"sameAs\":[\"https:\/\/www.linkedin.com\/company\/12666978\/admin\/\",\"https:\/\/www.facebook.com\/TerraVolt\",\"https:\/\/twitter.com\/terra_volt\"]}]}<\/script>\n<!-- \/ Yoast SEO plugin. -->","yoast_head_json":{"title":"Nos valeurs - TerraVolt","robots":{"index":"index","follow":"follow","max-snippet":"max-snippet:-1","max-image-preview":"max-image-preview:large","max-video-preview":"max-video-preview:-1"},"canonical":"https:\/\/www.terravolt.fr\/en\/nos-valeurs\/","og_locale":"en_US","og_type":"article","og_title":"Nos valeurs - TerraVolt","og_description":"nos valeurs Notre vision et nos engagements vis-\u00e0-vis de nos collaborateurs nos valeurs innovation TerraVolt a pour objectif de mettre au point des nouvelles technologies, les fiabiliser et les rendre accessibles \u00e0 tous. L&rsquo;objectif est l&rsquo;am\u00e9lioration continue des solutions existantes pour proposer des \u00e9quipements toujours plus proches des attentes des communaut\u00e9s. Les technologies sont souvent [&hellip;]","og_url":"https:\/\/www.terravolt.fr\/en\/nos-valeurs\/","og_site_name":"TerraVolt","article_publisher":"https:\/\/www.facebook.com\/TerraVolt","article_modified_time":"2019-02-27T16:26:40+00:00","og_image":[{"url":"http:\/\/www.terravolt.fr\/wp-content\/uploads\/2019\/02\/partie-prenante-pictogramme-150x150.png"}],"twitter_card":"summary_large_image","twitter_site":"@terra_volt","twitter_misc":{"Est. reading time":"1 minute"},"schema":{"@context":"https:\/\/schema.org","@graph":[{"@type":"WebPage","@id":"https:\/\/www.terravolt.fr\/nos-valeurs\/","url":"https:\/\/www.terravolt.fr\/nos-valeurs\/","name":"Nos valeurs - TerraVolt","isPartOf":{"@id":"https:\/\/www.terravolt.fr\/#website"},"datePublished":"2019-02-04T17:26:11+00:00","dateModified":"2019-02-27T16:26:40+00:00","breadcrumb":{"@id":"https:\/\/www.terravolt.fr\/nos-valeurs\/#breadcrumb"},"inLanguage":"en-US","potentialAction":[{"@type":"ReadAction","target":["https:\/\/www.terravolt.fr\/nos-valeurs\/"]}]},{"@type":"BreadcrumbList","@id":"https:\/\/www.terravolt.fr\/nos-valeurs\/#breadcrumb","itemListElement":[{"@type":"ListItem","position":1,"name":"Accueil","item":"https:\/\/www.terravolt.fr\/"},{"@type":"ListItem","position":2,"name":"Nos valeurs"}]},{"@type":"WebSite","@id":"https:\/\/www.terravolt.fr\/#website","url":"https:\/\/www.terravolt.fr\/","name":"TerraVolt","description":"Nous valorisons vos d\u00e9chets !","publisher":{"@id":"https:\/\/www.terravolt.fr\/#organization"},"potentialAction":[{"@type":"SearchAction","target":{"@type":"EntryPoint","urlTemplate":"https:\/\/www.terravolt.fr\/?s={search_term_string}"},"query-input":"required name=search_term_string"}],"inLanguage":"en-US"},{"@type":"Organization","@id":"https:\/\/www.terravolt.fr\/#organization","name":"TerraVolt","url":"https:\/\/www.terravolt.fr\/","logo":{"@type":"ImageObject","inLanguage":"en-US","@id":"https:\/\/www.terravolt.fr\/#\/schema\/logo\/image\/","url":"https:\/\/www.terravolt.fr\/wp-content\/uploads\/2019\/02\/LOGO-TEXTE-TERRAVOLT_BLANC.png","contentUrl":"https:\/\/www.terravolt.fr\/wp-content\/uploads\/2019\/02\/LOGO-TEXTE-TERRAVOLT_BLANC.png","width":3211,"height":663,"caption":"TerraVolt"},"image":{"@id":"https:\/\/www.terravolt.fr\/#\/schema\/logo\/image\/"},"sameAs":["https:\/\/www.linkedin.com\/company\/12666978\/admin\/","https:\/\/www.facebook.com\/TerraVolt","https:\/\/twitter.com\/terra_volt"]}]}},"_links":{"self":[{"href":"http:\/\/www.terravolt.fr\/en\/wp-json\/wp\/v2\/pages\/437","targetHints":{"allow":["GET"]}}],"collection":[{"href":"http:\/\/www.terravolt.fr\/en\/wp-json\/wp\/v2\/pages"}],"about":[{"href":"http:\/\/www.terravolt.fr\/en\/wp-json\/wp\/v2\/types\/page"}],"author":[{"embeddable":true,"href":"http:\/\/www.terravolt.fr\/en\/wp-json\/wp\/v2\/users\/1"}],"replies":[{"embeddable":true,"href":"http:\/\/www.terravolt.fr\/en\/wp-json\/wp\/v2\/comments?post=437"}],"version-history":[{"count":17,"href":"http:\/\/www.terravolt.fr\/en\/wp-json\/wp\/v2\/pages\/437\/revisions"}],"predecessor-version":[{"id":974,"href":"http:\/\/www.terravolt.fr\/en\/wp-json\/wp\/v2\/pages\/437\/revisions\/974"}],"wp:attachment":[{"href":"http:\/\/www.terravolt.fr\/en\/wp-json\/wp\/v2\/media?parent=437"}],"curies":[{"name":"wp","href":"https:\/\/api.w.org\/{rel}","templated":true}]}}