{"id":1868,"date":"2020-07-27T15:29:22","date_gmt":"2020-07-27T13:29:22","guid":{"rendered":"http:\/\/www.terravolt.fr\/?page_id=1868"},"modified":"2020-07-27T16:20:18","modified_gmt":"2020-07-27T14:20:18","slug":"actu-et-presse-2","status":"publish","type":"page","link":"http:\/\/www.terravolt.fr\/en\/actu-et-presse-2\/","title":{"rendered":"Actu et presse"},"content":{"rendered":"<div data-elementor-type=\"wp-page\" data-elementor-id=\"1868\" class=\"elementor elementor-1868\">\n\t\t\t\t\t\t<div class=\"elementor-inner\">\n\t\t\t\t<div class=\"elementor-section-wrap\">\n\t\t\t\t\t\t\t\t\t<section class=\"elementor-section elementor-top-section elementor-element elementor-element-4a3c267c elementor-section-height-min-height elementor-section-content-middle elementor-section-stretched elementor-section-boxed elementor-section-height-default elementor-section-items-middle\" data-id=\"4a3c267c\" data-element_type=\"section\" data-settings=\"{&quot;background_background&quot;:&quot;classic&quot;,&quot;stretch_section&quot;:&quot;section-stretched&quot;}\">\n\t\t\t\t\t\t\t<div class=\"elementor-background-overlay\"><\/div>\n\t\t\t\t\t\t\t<div class=\"elementor-container elementor-column-gap-default\">\n\t\t\t\t\t\t\t<div class=\"elementor-row\">\n\t\t\t\t\t<div class=\"elementor-column elementor-col-100 elementor-top-column elementor-element elementor-element-299dd9cd\" data-id=\"299dd9cd\" data-element_type=\"column\">\n\t\t\t<div class=\"elementor-column-wrap elementor-element-populated\">\n\t\t\t\t\t\t\t<div class=\"elementor-widget-wrap\">\n\t\t\t\t\t\t<div class=\"elementor-element elementor-element-5442ef01 hero-title elementor-widget elementor-widget-heading\" data-id=\"5442ef01\" data-element_type=\"widget\" data-widget_type=\"heading.default\">\n\t\t\t\t<div class=\"elementor-widget-container\">\n\t\t\t<h2 class=\"elementor-heading-title elementor-size-default\">Actu et presse<\/h2>\t\t<\/div>\n\t\t\t\t<\/div>\n\t\t\t\t<div class=\"elementor-element elementor-element-5e7e7615 elementor-widget elementor-widget-text-editor\" data-id=\"5e7e7615\" data-element_type=\"widget\" data-widget_type=\"text-editor.default\">\n\t\t\t\t<div class=\"elementor-widget-container\">\n\t\t\t\t\t\t\t\t<div class=\"elementor-text-editor elementor-clearfix\">\n\t\t\t\t\t\t\t\t\t<\/div>\n\t\t\t\t\t\t<\/div>\n\t\t\t\t<\/div>\n\t\t\t\t\t\t<\/div>\n\t\t\t\t\t<\/div>\n\t\t<\/div>\n\t\t\t\t\t\t\t\t<\/div>\n\t\t\t\t\t<\/div>\n\t\t<\/section>\n\t\t\t\t<section class=\"elementor-section elementor-top-section elementor-element elementor-element-2b98903e elementor-section-content-middle elementor-section-boxed elementor-section-height-default elementor-section-height-default\" data-id=\"2b98903e\" data-element_type=\"section\">\n\t\t\t\t\t\t<div class=\"elementor-container elementor-column-gap-no\">\n\t\t\t\t\t\t\t<div class=\"elementor-row\">\n\t\t\t\t\t<div class=\"elementor-column elementor-col-100 elementor-top-column elementor-element elementor-element-1aaccdd2\" data-id=\"1aaccdd2\" data-element_type=\"column\">\n\t\t\t<div class=\"elementor-column-wrap elementor-element-populated\">\n\t\t\t\t\t\t\t<div class=\"elementor-widget-wrap\">\n\t\t\t\t\t\t<div class=\"elementor-element elementor-element-20ae5381 hero-title elementor-widget elementor-widget-heading\" data-id=\"20ae5381\" data-element_type=\"widget\" data-settings=\"{&quot;_animation&quot;:&quot;none&quot;}\" data-widget_type=\"heading.default\">\n\t\t\t\t<div class=\"elementor-widget-container\">\n\t\t\t<h4 class=\"elementor-heading-title elementor-size-default\">article de agriditale - projet au togo<\/h4>\t\t<\/div>\n\t\t\t\t<\/div>\n\t\t\t\t<div class=\"elementor-element elementor-element-32ec1dff elementor-widget-divider--view-line elementor-invisible elementor-widget elementor-widget-divider\" data-id=\"32ec1dff\" data-element_type=\"widget\" data-settings=\"{&quot;_animation&quot;:&quot;fadeInRight&quot;}\" data-widget_type=\"divider.default\">\n\t\t\t\t<div class=\"elementor-widget-container\">\n\t\t\t\t\t<div class=\"elementor-divider\">\n\t\t\t<span class=\"elementor-divider-separator\">\n\t\t\t\t\t\t<\/span>\n\t\t<\/div>\n\t\t\t\t<\/div>\n\t\t\t\t<\/div>\n\t\t\t\t\t\t<\/div>\n\t\t\t\t\t<\/div>\n\t\t<\/div>\n\t\t\t\t\t\t\t\t<\/div>\n\t\t\t\t\t<\/div>\n\t\t<\/section>\n\t\t\t\t<section class=\"elementor-section elementor-top-section elementor-element elementor-element-af9e160 elementor-section-boxed elementor-section-height-default elementor-section-height-default\" data-id=\"af9e160\" data-element_type=\"section\">\n\t\t\t\t\t\t<div class=\"elementor-container elementor-column-gap-default\">\n\t\t\t\t\t\t\t<div class=\"elementor-row\">\n\t\t\t\t\t<div class=\"elementor-column elementor-col-100 elementor-top-column elementor-element elementor-element-4cd2d81\" data-id=\"4cd2d81\" data-element_type=\"column\">\n\t\t\t<div class=\"elementor-column-wrap elementor-element-populated\">\n\t\t\t\t\t\t\t<div class=\"elementor-widget-wrap\">\n\t\t\t\t\t\t<div class=\"elementor-element elementor-element-7396a72 elementor-widget elementor-widget-text-editor\" data-id=\"7396a72\" data-element_type=\"widget\" data-widget_type=\"text-editor.default\">\n\t\t\t\t<div class=\"elementor-widget-container\">\n\t\t\t\t\t\t\t\t<div class=\"elementor-text-editor elementor-clearfix\">\n\t\t\t\t<p>The editorial team of <a href=\"https:\/\/agridigitale.net\/\">Agridigitale<\/a>, site de r\u00e9f\u00e9rence sur le secteur agricole africain, nous a donn\u00e9 la chance de nous exprimer sur notre projet en d\u00e9veloppement au Togo. <br \/>Reproduction de l&rsquo;article ci-dessous :\u00a0<br \/><br \/><\/p>\t\t\t\t\t<\/div>\n\t\t\t\t\t\t<\/div>\n\t\t\t\t<\/div>\n\t\t\t\t\t\t<\/div>\n\t\t\t\t\t<\/div>\n\t\t<\/div>\n\t\t\t\t\t\t\t\t<\/div>\n\t\t\t\t\t<\/div>\n\t\t<\/section>\n\t\t\t\t<section class=\"elementor-section elementor-top-section elementor-element elementor-element-e039685 elementor-section-boxed elementor-section-height-default elementor-section-height-default\" data-id=\"e039685\" data-element_type=\"section\">\n\t\t\t\t\t\t<div class=\"elementor-container elementor-column-gap-default\">\n\t\t\t\t\t\t\t<div class=\"elementor-row\">\n\t\t\t\t\t<div class=\"elementor-column elementor-col-100 elementor-top-column elementor-element elementor-element-c6d1499\" data-id=\"c6d1499\" data-element_type=\"column\">\n\t\t\t<div class=\"elementor-column-wrap elementor-element-populated\">\n\t\t\t\t\t\t\t<div class=\"elementor-widget-wrap\">\n\t\t\t\t\t\t<div class=\"elementor-element elementor-element-56ea5ee elementor-widget elementor-widget-heading\" data-id=\"56ea5ee\" data-element_type=\"widget\" data-widget_type=\"heading.default\">\n\t\t\t\t<div class=\"elementor-widget-container\">\n\t\t\t<h2 class=\"elementor-heading-title elementor-size-default\">Une solution pour le traitement \u00e9nerg\u00e9tique des ordures m\u00e9nag\u00e8res<\/h2>\t\t<\/div>\n\t\t\t\t<\/div>\n\t\t\t\t\t\t<\/div>\n\t\t\t\t\t<\/div>\n\t\t<\/div>\n\t\t\t\t\t\t\t\t<\/div>\n\t\t\t\t\t<\/div>\n\t\t<\/section>\n\t\t\t\t<section class=\"elementor-section elementor-top-section elementor-element elementor-element-5e5b139 elementor-section-boxed elementor-section-height-default elementor-section-height-default\" data-id=\"5e5b139\" data-element_type=\"section\">\n\t\t\t\t\t\t<div class=\"elementor-container elementor-column-gap-default\">\n\t\t\t\t\t\t\t<div class=\"elementor-row\">\n\t\t\t\t\t<div class=\"elementor-column elementor-col-100 elementor-top-column elementor-element elementor-element-9638873\" data-id=\"9638873\" data-element_type=\"column\">\n\t\t\t<div class=\"elementor-column-wrap elementor-element-populated\">\n\t\t\t\t\t\t\t<div class=\"elementor-widget-wrap\">\n\t\t\t\t\t\t<div class=\"elementor-element elementor-element-23a04fd elementor-widget elementor-widget-text-editor\" data-id=\"23a04fd\" data-element_type=\"widget\" data-widget_type=\"text-editor.default\">\n\t\t\t\t<div class=\"elementor-widget-container\">\n\t\t\t\t\t\t\t\t<div class=\"elementor-text-editor elementor-clearfix\">\n\t\t\t\t<p>Les d\u00e9chets m\u00e9nagers peuvent \u00eatre exploit\u00e9s pour produire des ressources \u00e9nerg\u00e9tiques gr\u00e2ce \u00e0 une technologie d\u00e9velopp\u00e9e par l&rsquo;entreprise fran\u00e7aise TerraVolt appel\u00e9e la pyrogaz\u00e9ification.<\/p>\t\t\t\t\t<\/div>\n\t\t\t\t\t\t<\/div>\n\t\t\t\t<\/div>\n\t\t\t\t\t\t<\/div>\n\t\t\t\t\t<\/div>\n\t\t<\/div>\n\t\t\t\t\t\t\t\t<\/div>\n\t\t\t\t\t<\/div>\n\t\t<\/section>\n\t\t\t\t<section class=\"elementor-section elementor-top-section elementor-element elementor-element-aa93334 elementor-section-boxed elementor-section-height-default elementor-section-height-default\" data-id=\"aa93334\" data-element_type=\"section\">\n\t\t\t\t\t\t<div class=\"elementor-container elementor-column-gap-default\">\n\t\t\t\t\t\t\t<div class=\"elementor-row\">\n\t\t\t\t\t<div class=\"elementor-column elementor-col-100 elementor-top-column elementor-element elementor-element-d07403d\" data-id=\"d07403d\" data-element_type=\"column\">\n\t\t\t<div class=\"elementor-column-wrap elementor-element-populated\">\n\t\t\t\t\t\t\t<div class=\"elementor-widget-wrap\">\n\t\t\t\t\t\t<div class=\"elementor-element elementor-element-ee21552 elementor-widget elementor-widget-image\" data-id=\"ee21552\" data-element_type=\"widget\" data-widget_type=\"image.default\">\n\t\t\t\t<div class=\"elementor-widget-container\">\n\t\t\t\t\t\t\t\t<div class=\"elementor-image\">\n\t\t\t\t\t\t\t\t\t\t\t\t<img loading=\"lazy\" decoding=\"async\" width=\"824\" height=\"539\" src=\"https:\/\/www.terravolt.fr\/wp-content\/uploads\/2020\/07\/poster_article1594310428.jpg\" class=\"attachment-large size-large wp-image-1872\" alt=\"\" srcset=\"https:\/\/www.terravolt.fr\/wp-content\/uploads\/2020\/07\/poster_article1594310428.jpg 824w, https:\/\/www.terravolt.fr\/wp-content\/uploads\/2020\/07\/poster_article1594310428-300x196.jpg 300w, https:\/\/www.terravolt.fr\/wp-content\/uploads\/2020\/07\/poster_article1594310428-768x502.jpg 768w\" sizes=\"auto, (max-width: 824px) 100vw, 824px\" \/>\t\t\t\t\t\t\t\t\t\t\t\t\t\t<\/div>\n\t\t\t\t\t\t<\/div>\n\t\t\t\t<\/div>\n\t\t\t\t\t\t<\/div>\n\t\t\t\t\t<\/div>\n\t\t<\/div>\n\t\t\t\t\t\t\t\t<\/div>\n\t\t\t\t\t<\/div>\n\t\t<\/section>\n\t\t\t\t<section class=\"elementor-section elementor-top-section elementor-element elementor-element-c02a725 elementor-section-boxed elementor-section-height-default elementor-section-height-default\" data-id=\"c02a725\" data-element_type=\"section\">\n\t\t\t\t\t\t<div class=\"elementor-container elementor-column-gap-default\">\n\t\t\t\t\t\t\t<div class=\"elementor-row\">\n\t\t\t\t\t<div class=\"elementor-column elementor-col-100 elementor-top-column elementor-element elementor-element-81ac84d\" data-id=\"81ac84d\" data-element_type=\"column\">\n\t\t\t<div class=\"elementor-column-wrap elementor-element-populated\">\n\t\t\t\t\t\t\t<div class=\"elementor-widget-wrap\">\n\t\t\t\t\t\t<div class=\"elementor-element elementor-element-2e9a7cd elementor-widget elementor-widget-text-editor\" data-id=\"2e9a7cd\" data-element_type=\"widget\" data-widget_type=\"text-editor.default\">\n\t\t\t\t<div class=\"elementor-widget-container\">\n\t\t\t\t\t\t\t\t<div class=\"elementor-text-editor elementor-clearfix\">\n\t\t\t\t<p>Depuis quelques ann\u00e9es, le Togo a amorc\u00e9 un virage tendant \u00e0 int\u00e9grer les \u00e9nergies renouvelables dans le mix \u00e9nerg\u00e9tique national.<\/p>\n<p>A la suite de plusieurs \u00e9tudes de terrain au Togo et dans la sous-r\u00e9gion, la startup fran\u00e7aise&nbsp;<strong><a href=\"http:\/\/www.terravolt.fr\/en\/\">Terr<\/a><\/strong><strong><a href=\"http:\/\/www.terravolt.fr\/en\/\">aVolt<\/a>&nbsp;<\/strong>est parvenue \u00e0 identifier des projets dont la valorisation des ordures m\u00e9nag\u00e8res.<\/p>\n<p>Selon les analyses de cette startup, avec un taux d\u2019\u00e9lectrification proche des 50%, le d\u00e9ficit \u00e9nerg\u00e9tique se comble mais reste pr\u00e9sent au niveau des zones urbaines, p\u00e9ri-urbaines que les zones isol\u00e9es.<\/p>\n<p>\u00ab\u00a0Les solutions de valorisation de TerraVolt fournissent une \u00e9nergie de puissance qui a vocation \u00e0 alimenter les PMI, PME et les m\u00e9nages. Nous entrons donc compl\u00e8tement dans la strat\u00e9gie nationale d\u2019acc\u00e8s \u00e0 l\u2019\u00e9nergie. Les contacts avec nos partenaires locaux nous ont permis d\u2019identifier les secteurs agro industriels ainsi que les organismes de gestion des ordures des collectivit\u00e9s comme \u00e9tant les plus \u00e0 m\u00eame d\u2019int\u00e9grer nos solutions et les vulgariser\u00a0\u00bb, confie Aristide Dejean, Ing\u00e9nieur togolais et Chef de projet chez TerraVolt \u00e0 agridigitale.net.<\/p>\n<p><img loading=\"lazy\" decoding=\"async\" class=\"wp-image-1880 aligncenter\" title=\"Pyrolyseur TerraVolt \" src=\"http:\/\/www.terravolt.fr\/wp-content\/uploads\/2020\/07\/pyrolyseur-2.png\" alt=\"\" width=\"555\" height=\"297\" srcset=\"https:\/\/www.terravolt.fr\/wp-content\/uploads\/2020\/07\/pyrolyseur-2.png 1651w, https:\/\/www.terravolt.fr\/wp-content\/uploads\/2020\/07\/pyrolyseur-2-300x160.png 300w, https:\/\/www.terravolt.fr\/wp-content\/uploads\/2020\/07\/pyrolyseur-2-1024x548.png 1024w, https:\/\/www.terravolt.fr\/wp-content\/uploads\/2020\/07\/pyrolyseur-2-768x411.png 768w, https:\/\/www.terravolt.fr\/wp-content\/uploads\/2020\/07\/pyrolyseur-2-1536x821.png 1536w\" sizes=\"auto, (max-width: 555px) 100vw, 555px\" \/>&nbsp;<\/p>\n<div>\n<p><i>&nbsp; &nbsp; &nbsp; &nbsp; &nbsp; &nbsp; &nbsp; &nbsp; &nbsp; &nbsp; &nbsp; &nbsp; &nbsp; &nbsp; &nbsp; &nbsp; &nbsp; &nbsp; &nbsp; &nbsp; &nbsp; &nbsp; &nbsp; &nbsp; &nbsp; &nbsp; &nbsp; &nbsp; &nbsp; &nbsp; &nbsp; &nbsp; &nbsp; &nbsp; &nbsp; &nbsp; &nbsp; &nbsp;Pyrolyseur TerraVolt<\/i><\/p>\n<p>Le projet de valorisation des ordures m\u00e9nag\u00e8res au Togo a vocation \u00e0 valider le proc\u00e9d\u00e9 d\u00e9velopp\u00e9 par TerraVolt sur une plateforme de d\u00e9monstration.<\/p>\n<p>Son objectif est la mise au point d&rsquo;une solution idoine pour le traitement et la valorisation \u00e9nerg\u00e9tique des ordures m\u00e9nag\u00e8res r\u00e9siduelles produite par une collectivit\u00e9 de 100 000 habitants, situ\u00e9e \u00e0 100 km au Nord de la capitale Lom\u00e9.<\/p>\n<p>Les ordures m\u00e9nag\u00e8res r\u00e9siduelles seront essentiellement valoris\u00e9es pour la production de froid permettant d\u2019alimenter une unit\u00e9 de conservation de viande situ\u00e9e dans un abattoir.<\/p>\n<p>Le projet vise \u00e0 initier une dynamique de gestion efficiente des d\u00e9chets h\u00e9t\u00e9rog\u00e8nes dans une solution cl\u00e9 en main, encore inexistante.<\/p>\n<p>\u00ab\u00a0De mani\u00e8re plus g\u00e9n\u00e9rale, nous souhaitons r\u00e9pondre \u00e0 des besoins d&rsquo;assainissement et d\u2019alimentation \u00e9nerg\u00e9tique \u00e0 l\u2019\u00e9chelle locale dans un premier temps et progressivement \u00e0 l\u2019\u00e9chelle nationale et sous r\u00e9gionale\u00a0\u00bb, renseigne l&rsquo;ing\u00e9nieur togolais.<\/p>\n<p>Le projet sera d\u00e9velopp\u00e9 par l&rsquo;entreprise TerraVolt en collaboration avec une ONG locale&nbsp;et la collectivit\u00e9 b\u00e9n\u00e9ficiaire.<\/p>\n<p>La startup fran\u00e7aise envisage de solliciter des financements de bailleurs europ\u00e9ens, africains ou internationaux parce que son objectif est d\u2019avoir une plateforme fonctionnelle pour d\u00e9cembre 2021.<\/p>\n<p>Il faut pr\u00e9ciser que la technologie de pyrogaz\u00e9ification consiste \u00e0 chauffer des intrants de types biomasse (r\u00e9sidus agricoles ou agro industriels) ou d\u00e9chets (ordures m\u00e9nag\u00e8res r\u00e9siduelles) en l\u2019absence ou en manque d\u2019oxyg\u00e8ne afin que les substances g\u00e9n\u00e9r\u00e9es, selon les param\u00e8tres de proc\u00e9d\u00e9, sous l\u2019effet de la temp\u00e9rature (solides, liquides et gazeuses) ne s&rsquo;enflamment pas spontan\u00e9ment, ce qui donne la possibilit\u00e9 de les valoriser pour produire la chaleur, le froid, l&rsquo;\u00e9lectricit\u00e9, le charbon \u00e9cologique etc.<\/p>\n<p>Cette technologie permet de produire une \u00e9nergie durable locale \u00e0 partir de ressources non usit\u00e9es et renouvelables. Le syst\u00e8me permet de faire fonctionner la boucle de l\u2019\u00e9conomie circulaire en transformant les d\u00e9chets et r\u00e9sidus en ressource \u00e9nerg\u00e9tique.<\/p>\n<\/div>\t\t\t\t\t<\/div>\n\t\t\t\t\t\t<\/div>\n\t\t\t\t<\/div>\n\t\t\t\t\t\t<\/div>\n\t\t\t\t\t<\/div>\n\t\t<\/div>\n\t\t\t\t\t\t\t\t<\/div>\n\t\t\t\t\t<\/div>\n\t\t<\/section>\n\t\t\t\t<section class=\"elementor-section elementor-top-section elementor-element elementor-element-f56f748 elementor-section-boxed elementor-section-height-default elementor-section-height-default\" data-id=\"f56f748\" data-element_type=\"section\">\n\t\t\t\t\t\t<div class=\"elementor-container elementor-column-gap-default\">\n\t\t\t\t\t\t\t<div class=\"elementor-row\">\n\t\t\t\t\t<div class=\"elementor-column elementor-col-100 elementor-top-column elementor-element elementor-element-68fea71\" data-id=\"68fea71\" data-element_type=\"column\">\n\t\t\t<div class=\"elementor-column-wrap elementor-element-populated\">\n\t\t\t\t\t\t\t<div class=\"elementor-widget-wrap\">\n\t\t\t\t\t\t<div class=\"elementor-element elementor-element-b0bdae5 elementor-widget elementor-widget-text-editor\" data-id=\"b0bdae5\" data-element_type=\"widget\" data-widget_type=\"text-editor.default\">\n\t\t\t\t<div class=\"elementor-widget-container\">\n\t\t\t\t\t\t\t\t<div class=\"elementor-text-editor elementor-clearfix\">\n\t\t\t\t<p>Article disponible dans sa version originale : <a href=\"https:\/\/agridigitale.net\/art-une_solution_pour_le_traitement_nergtique_des_ordures_mnagres_.html\">ici<\/a>\u00a0<\/p>\t\t\t\t\t<\/div>\n\t\t\t\t\t\t<\/div>\n\t\t\t\t<\/div>\n\t\t\t\t\t\t<\/div>\n\t\t\t\t\t<\/div>\n\t\t<\/div>\n\t\t\t\t\t\t\t\t<\/div>\n\t\t\t\t\t<\/div>\n\t\t<\/section>\n\t\t\t\t\t\t\t\t\t<\/div>\n\t\t\t<\/div>\n\t\t\t\t\t<\/div>","protected":false},"excerpt":{"rendered":"<p>Actu et presse article de agriditale &#8211; projet au togo La r\u00e9daction de Agridigitale, site de r\u00e9f\u00e9rence sur le secteur agricole africain, nous a donn\u00e9 la chance de nous exprimer sur notre projet en d\u00e9veloppement au Togo. Reproduction de l&rsquo;article ci-dessous :\u00a0 Une solution pour le traitement \u00e9nerg\u00e9tique des ordures m\u00e9nag\u00e8res Les d\u00e9chets m\u00e9nagers peuvent [&hellip;]<\/p>","protected":false},"author":1,"featured_media":0,"parent":0,"menu_order":0,"comment_status":"closed","ping_status":"closed","template":"","meta":{"_exactmetrics_skip_tracking":false,"_exactmetrics_sitenote_active":false,"_exactmetrics_sitenote_note":"","_exactmetrics_sitenote_category":0,"footnotes":""},"class_list":["post-1868","page","type-page","status-publish","hentry","entry"],"yoast_head":"<!-- This site is optimized with the Yoast SEO plugin v19.11 - https:\/\/yoast.com\/wordpress\/plugins\/seo\/ -->\n<title>Actu et presse - TerraVolt<\/title>\n<meta name=\"robots\" content=\"index, follow, max-snippet:-1, max-image-preview:large, max-video-preview:-1\" \/>\n<link rel=\"canonical\" href=\"https:\/\/www.terravolt.fr\/en\/actu-et-presse-2\/\" \/>\n<meta property=\"og:locale\" content=\"en_US\" \/>\n<meta property=\"og:type\" content=\"article\" \/>\n<meta property=\"og:title\" content=\"Actu et presse - TerraVolt\" \/>\n<meta property=\"og:description\" content=\"Actu et presse article de agriditale &#8211; projet au togo La r\u00e9daction de Agridigitale, site de r\u00e9f\u00e9rence sur le secteur agricole africain, nous a donn\u00e9 la chance de nous exprimer sur notre projet en d\u00e9veloppement au Togo. Reproduction de l&rsquo;article ci-dessous :\u00a0 Une solution pour le traitement \u00e9nerg\u00e9tique des ordures m\u00e9nag\u00e8res Les d\u00e9chets m\u00e9nagers peuvent [&hellip;]\" \/>\n<meta property=\"og:url\" content=\"https:\/\/www.terravolt.fr\/en\/actu-et-presse-2\/\" \/>\n<meta property=\"og:site_name\" content=\"TerraVolt\" \/>\n<meta property=\"article:publisher\" content=\"https:\/\/www.facebook.com\/TerraVolt\" \/>\n<meta property=\"article:modified_time\" content=\"2020-07-27T14:20:18+00:00\" \/>\n<meta property=\"og:image\" content=\"http:\/\/www.terravolt.fr\/wp-content\/uploads\/2020\/07\/poster_article1594310428.jpg\" \/>\n<meta name=\"twitter:card\" content=\"summary_large_image\" \/>\n<meta name=\"twitter:site\" content=\"@terra_volt\" \/>\n<meta name=\"twitter:label1\" content=\"Est. reading time\" \/>\n\t<meta name=\"twitter:data1\" content=\"3 minutes\" \/>\n<script type=\"application\/ld+json\" class=\"yoast-schema-graph\">{\"@context\":\"https:\/\/schema.org\",\"@graph\":[{\"@type\":\"WebPage\",\"@id\":\"https:\/\/www.terravolt.fr\/actu-et-presse-2\/\",\"url\":\"https:\/\/www.terravolt.fr\/actu-et-presse-2\/\",\"name\":\"Actu et presse - TerraVolt\",\"isPartOf\":{\"@id\":\"https:\/\/www.terravolt.fr\/#website\"},\"datePublished\":\"2020-07-27T13:29:22+00:00\",\"dateModified\":\"2020-07-27T14:20:18+00:00\",\"breadcrumb\":{\"@id\":\"https:\/\/www.terravolt.fr\/actu-et-presse-2\/#breadcrumb\"},\"inLanguage\":\"en-US\",\"potentialAction\":[{\"@type\":\"ReadAction\",\"target\":[\"https:\/\/www.terravolt.fr\/actu-et-presse-2\/\"]}]},{\"@type\":\"BreadcrumbList\",\"@id\":\"https:\/\/www.terravolt.fr\/actu-et-presse-2\/#breadcrumb\",\"itemListElement\":[{\"@type\":\"ListItem\",\"position\":1,\"name\":\"Accueil\",\"item\":\"https:\/\/www.terravolt.fr\/\"},{\"@type\":\"ListItem\",\"position\":2,\"name\":\"Actu et presse\"}]},{\"@type\":\"WebSite\",\"@id\":\"https:\/\/www.terravolt.fr\/#website\",\"url\":\"https:\/\/www.terravolt.fr\/\",\"name\":\"TerraVolt\",\"description\":\"Nous valorisons vos d\u00e9chets !\",\"publisher\":{\"@id\":\"https:\/\/www.terravolt.fr\/#organization\"},\"potentialAction\":[{\"@type\":\"SearchAction\",\"target\":{\"@type\":\"EntryPoint\",\"urlTemplate\":\"https:\/\/www.terravolt.fr\/?s={search_term_string}\"},\"query-input\":\"required name=search_term_string\"}],\"inLanguage\":\"en-US\"},{\"@type\":\"Organization\",\"@id\":\"https:\/\/www.terravolt.fr\/#organization\",\"name\":\"TerraVolt\",\"url\":\"https:\/\/www.terravolt.fr\/\",\"logo\":{\"@type\":\"ImageObject\",\"inLanguage\":\"en-US\",\"@id\":\"https:\/\/www.terravolt.fr\/#\/schema\/logo\/image\/\",\"url\":\"https:\/\/www.terravolt.fr\/wp-content\/uploads\/2019\/02\/LOGO-TEXTE-TERRAVOLT_BLANC.png\",\"contentUrl\":\"https:\/\/www.terravolt.fr\/wp-content\/uploads\/2019\/02\/LOGO-TEXTE-TERRAVOLT_BLANC.png\",\"width\":3211,\"height\":663,\"caption\":\"TerraVolt\"},\"image\":{\"@id\":\"https:\/\/www.terravolt.fr\/#\/schema\/logo\/image\/\"},\"sameAs\":[\"https:\/\/www.linkedin.com\/company\/12666978\/admin\/\",\"https:\/\/www.facebook.com\/TerraVolt\",\"https:\/\/twitter.com\/terra_volt\"]}]}<\/script>\n<!-- \/ Yoast SEO plugin. -->","yoast_head_json":{"title":"Actu et presse - TerraVolt","robots":{"index":"index","follow":"follow","max-snippet":"max-snippet:-1","max-image-preview":"max-image-preview:large","max-video-preview":"max-video-preview:-1"},"canonical":"https:\/\/www.terravolt.fr\/en\/actu-et-presse-2\/","og_locale":"en_US","og_type":"article","og_title":"Actu et presse - TerraVolt","og_description":"Actu et presse article de agriditale &#8211; projet au togo La r\u00e9daction de Agridigitale, site de r\u00e9f\u00e9rence sur le secteur agricole africain, nous a donn\u00e9 la chance de nous exprimer sur notre projet en d\u00e9veloppement au Togo. Reproduction de l&rsquo;article ci-dessous :\u00a0 Une solution pour le traitement \u00e9nerg\u00e9tique des ordures m\u00e9nag\u00e8res Les d\u00e9chets m\u00e9nagers peuvent [&hellip;]","og_url":"https:\/\/www.terravolt.fr\/en\/actu-et-presse-2\/","og_site_name":"TerraVolt","article_publisher":"https:\/\/www.facebook.com\/TerraVolt","article_modified_time":"2020-07-27T14:20:18+00:00","og_image":[{"url":"http:\/\/www.terravolt.fr\/wp-content\/uploads\/2020\/07\/poster_article1594310428.jpg"}],"twitter_card":"summary_large_image","twitter_site":"@terra_volt","twitter_misc":{"Est. reading time":"3 minutes"},"schema":{"@context":"https:\/\/schema.org","@graph":[{"@type":"WebPage","@id":"https:\/\/www.terravolt.fr\/actu-et-presse-2\/","url":"https:\/\/www.terravolt.fr\/actu-et-presse-2\/","name":"Actu et presse - TerraVolt","isPartOf":{"@id":"https:\/\/www.terravolt.fr\/#website"},"datePublished":"2020-07-27T13:29:22+00:00","dateModified":"2020-07-27T14:20:18+00:00","breadcrumb":{"@id":"https:\/\/www.terravolt.fr\/actu-et-presse-2\/#breadcrumb"},"inLanguage":"en-US","potentialAction":[{"@type":"ReadAction","target":["https:\/\/www.terravolt.fr\/actu-et-presse-2\/"]}]},{"@type":"BreadcrumbList","@id":"https:\/\/www.terravolt.fr\/actu-et-presse-2\/#breadcrumb","itemListElement":[{"@type":"ListItem","position":1,"name":"Accueil","item":"https:\/\/www.terravolt.fr\/"},{"@type":"ListItem","position":2,"name":"Actu et presse"}]},{"@type":"WebSite","@id":"https:\/\/www.terravolt.fr\/#website","url":"https:\/\/www.terravolt.fr\/","name":"TerraVolt","description":"Nous valorisons vos d\u00e9chets !","publisher":{"@id":"https:\/\/www.terravolt.fr\/#organization"},"potentialAction":[{"@type":"SearchAction","target":{"@type":"EntryPoint","urlTemplate":"https:\/\/www.terravolt.fr\/?s={search_term_string}"},"query-input":"required name=search_term_string"}],"inLanguage":"en-US"},{"@type":"Organization","@id":"https:\/\/www.terravolt.fr\/#organization","name":"TerraVolt","url":"https:\/\/www.terravolt.fr\/","logo":{"@type":"ImageObject","inLanguage":"en-US","@id":"https:\/\/www.terravolt.fr\/#\/schema\/logo\/image\/","url":"https:\/\/www.terravolt.fr\/wp-content\/uploads\/2019\/02\/LOGO-TEXTE-TERRAVOLT_BLANC.png","contentUrl":"https:\/\/www.terravolt.fr\/wp-content\/uploads\/2019\/02\/LOGO-TEXTE-TERRAVOLT_BLANC.png","width":3211,"height":663,"caption":"TerraVolt"},"image":{"@id":"https:\/\/www.terravolt.fr\/#\/schema\/logo\/image\/"},"sameAs":["https:\/\/www.linkedin.com\/company\/12666978\/admin\/","https:\/\/www.facebook.com\/TerraVolt","https:\/\/twitter.com\/terra_volt"]}]}},"_links":{"self":[{"href":"http:\/\/www.terravolt.fr\/en\/wp-json\/wp\/v2\/pages\/1868","targetHints":{"allow":["GET"]}}],"collection":[{"href":"http:\/\/www.terravolt.fr\/en\/wp-json\/wp\/v2\/pages"}],"about":[{"href":"http:\/\/www.terravolt.fr\/en\/wp-json\/wp\/v2\/types\/page"}],"author":[{"embeddable":true,"href":"http:\/\/www.terravolt.fr\/en\/wp-json\/wp\/v2\/users\/1"}],"replies":[{"embeddable":true,"href":"http:\/\/www.terravolt.fr\/en\/wp-json\/wp\/v2\/comments?post=1868"}],"version-history":[{"count":7,"href":"http:\/\/www.terravolt.fr\/en\/wp-json\/wp\/v2\/pages\/1868\/revisions"}],"predecessor-version":[{"id":1883,"href":"http:\/\/www.terravolt.fr\/en\/wp-json\/wp\/v2\/pages\/1868\/revisions\/1883"}],"wp:attachment":[{"href":"http:\/\/www.terravolt.fr\/en\/wp-json\/wp\/v2\/media?parent=1868"}],"curies":[{"name":"wp","href":"https:\/\/api.w.org\/{rel}","templated":true}]}}